{"id":2853,"date":"2025-12-17T08:53:03","date_gmt":"2025-12-17T07:53:03","guid":{"rendered":"https:\/\/www.tsgbayreuth.de\/?page_id=2853"},"modified":"2025-12-19T09:32:56","modified_gmt":"2025-12-19T08:32:56","slug":"partner","status":"publish","type":"page","link":"https:\/\/www.tsgbayreuth.de\/index.php\/partner\/","title":{"rendered":"Partner"},"content":{"rendered":"[vc_row curly_section_title=&#8220;Verein&#8220;][vc_column width=&#8220;1\/2&#8243;][vc_single_image image=&#8220;2854&#8243; img_size=&#8220;large&#8220; style=&#8220;img-frame-large&#8220;][\/vc_column][vc_column width=&#8220;1\/2&#8243;][vc_column_text]\n<div class=\"wrapper row-fluid container\">\n<p>Das Ristorante Adria in Bayreuth ist ein familiengef\u00fchrtes italienisches Lokal mit herzlicher, pers\u00f6nlicher Atmosph\u00e4re. Frisch zubereitete mediterrane K\u00fcche, saisonale Spezialit\u00e4ten und ein aufmerksamer Service machen das Adria zu einem beliebten Treffpunkt f\u00fcr Genussmomente mit Familie, Freunden oder Teamkollegen. Neben klassischen Pizzen und Pastagerichten bietet das Restaurant ausgew\u00e4hlte Fleisch- und Fischgerichte sowie passende Weine f\u00fcr einen entspannten Abend.<br \/>\nBereits seit mehreren Jahren unterst\u00fctzt Adria mit Spenden den Lateinbereich der TSG Bayreuth und tr\u00e4gt damit nachhaltig zur Entwicklung der Paare bei.<\/p>\n<p><a href=\"https:\/\/www.adria-bayreuth.de\/\" target=\"_blank\" rel=\"noopener\">www.adria-bayreuth.de<\/a><\/div>\n[\/vc_column_text][\/vc_column][\/vc_row][vc_row curly_section_title=&#8220;Verein&#8220;][vc_column width=&#8220;1\/2&#8243;][vc_single_image image=&#8220;2855&#8243; img_size=&#8220;large&#8220; style=&#8220;img-frame-large&#8220;][\/vc_column][vc_column width=&#8220;1\/2&#8243;][vc_column_text]\n<div class=\"wrapper row-fluid container\">\n<p>SW color aus Bindlach ist ein spezialisierter Hersteller von hochwertigen Lacken und Farbpasten f\u00fcr den industriellen Einsatz. Das Unternehmen steht f\u00fcr innovative Produktentwicklung, zuverl\u00e4ssige Qualit\u00e4t und eine enge Zusammenarbeit mit seinen Kunden. Durch moderne Fertigungsprozesse und hohe Beratungskompetenz entwickelt SW color ma\u00dfgeschneiderte L\u00f6sungen f\u00fcr unterschiedliche Branchen und Anwendungen.<br \/>\nMit einer gro\u00dfz\u00fcgigen Spende unterst\u00fctzt das Unternehmen den Standardbereich der TSG Bayreuth und leistet so einen wertvollen Beitrag zur F\u00f6rderung des Tanzsports in der Region.<\/p>\n<p><a href=\"https:\/\/www.swcolor.de\/sw-color-lackfabrik.html\" target=\"_blank\" rel=\"noopener\">www.swcolor.de<\/a><\/div>\n[\/vc_column_text][\/vc_column][\/vc_row]\n","protected":false},"excerpt":{"rendered":"<p>[vc_row curly_section_title=&#8220;Verein&#8220;][vc_column width=&#8220;1\/2&#8243;][vc_single_image image=&#8220;2854&#8243; img_size=&#8220;large&#8220; style=&#8220;img-frame-large&#8220;][\/vc_column][vc_column width=&#8220;1\/2&#8243;][vc_column_text] Das Ristorante Adria in Bayreuth ist ein familiengef\u00fchrtes italienisches Lokal mit herzlicher, pers\u00f6nlicher Atmosph\u00e4re. Frisch zubereitete mediterrane K\u00fcche, saisonale Spezialit\u00e4ten und ein aufmerksamer Service machen das Adria zu einem beliebten Treffpunkt f\u00fcr Genussmomente mit Familie, Freunden oder Teamkollegen. Neben klassischen Pizzen und Pastagerichten bietet das Restaurant ausgew\u00e4hlte Fleisch- und Fischgerichte sowie passende Weine [&hellip;]<\/p>\n","protected":false},"author":2,"featured_media":0,"parent":0,"menu_order":0,"comment_status":"closed","ping_status":"closed","template":"","meta":[],"_links":{"self":[{"href":"https:\/\/www.tsgbayreuth.de\/index.php\/wp-json\/wp\/v2\/pages\/2853"}],"collection":[{"href":"https:\/\/www.tsgbayreuth.de\/index.php\/wp-json\/wp\/v2\/pages"}],"about":[{"href":"https:\/\/www.tsgbayreuth.de\/index.php\/wp-json\/wp\/v2\/types\/page"}],"author":[{"embeddable":true,"href":"https:\/\/www.tsgbayreuth.de\/index.php\/wp-json\/wp\/v2\/users\/2"}],"replies":[{"embeddable":true,"href":"https:\/\/www.tsgbayreuth.de\/index.php\/wp-json\/wp\/v2\/comments?post=2853"}],"version-history":[{"count":3,"href":"https:\/\/www.tsgbayreuth.de\/index.php\/wp-json\/wp\/v2\/pages\/2853\/revisions"}],"predecessor-version":[{"id":2860,"href":"https:\/\/www.tsgbayreuth.de\/index.php\/wp-json\/wp\/v2\/pages\/2853\/revisions\/2860"}],"wp:attachment":[{"href":"https:\/\/www.tsgbayreuth.de\/index.php\/wp-json\/wp\/v2\/media?parent=2853"}],"curies":[{"name":"wp","href":"https:\/\/api.w.org\/{rel}","templated":true}]}}