{"id":2699,"date":"2023-05-01T09:39:20","date_gmt":"2023-05-01T07:39:20","guid":{"rendered":"https:\/\/www.tsgbayreuth.de\/?page_id=2699"},"modified":"2025-10-21T14:42:18","modified_gmt":"2025-10-21T12:42:18","slug":"turniertanz_kinder_training","status":"publish","type":"page","link":"https:\/\/www.tsgbayreuth.de\/index.php\/turniertanz_kinder_training\/","title":{"rendered":"Training"},"content":{"rendered":"[vc_row curly_section_title=&#8220;Verein&#8220;][vc_column width=&#8220;1\/2&#8243;][vc_single_image image=&#8220;2734&#8243; img_size=&#8220;large&#8220; style=&#8220;img-frame-large&#8220;][\/vc_column][vc_column width=&#8220;1\/2&#8243;][vc_column_text]\n<div class=\"wrapper row-fluid container\">\n<p>Seit \u00fcber 30 Jahren begeistert die TSG Bayreuth Tanzbegeisterte jeden Alters mit erfolgreichem Turniertanz \u2013 von den J\u00fcngsten bis zu erwachsenen Paaren und Profis.<\/p>\n<p>Unsere Trainer, Pablo und Michaela:<\/p>\n<p>Selbst seit seiner Jugend leidenschaftlicher Lateint\u00e4nzer, gibt unser Trainer <strong>Pablo<\/strong> diese Leidenschaft auch an unsere Paare jeden Alters weiter. Nach vielen gro\u00dfen Erfolgen im Amateurbereich, tritt er inzwischen als Profi an.<\/p>\n<p><strong>Michaela<\/strong> startete ihre Tanzkarriere bereits vor \u00fcber 20 Jahren und feierte seitdem sowohl national als auch international sehr viele Erfolge im Latein- und auch im Standardbereich. Im \u00dcbrigen ist Michaela nicht nur aktive T\u00e4nzerin, sondern auch Wertungsrichterin und kann damit auch aus dieser Perspektive ganz viele wertvolle Tipps an unsere Paare weitergeben.<\/p>\n<p>Sowohl Pablo als auch Michaela brennen f\u00fcr den Tanzsport und wir als Verein, sind froh, dass sie diese Freude an unsere Aktiven weitergeben.<\/p>\n<\/div>\n[\/vc_column_text][vc_column_text]\n<div class=\"wrapper row-fluid container\">\n<h2>Wer kann mitmachen?<\/h2>\n<p>Egal ob Kind, Jugendlicher oder Erwachsener \u2013 alle mit Freude am Tanzen sind bei uns herzlich willkommen! Auch ohne Tanzpartner*in ist der Einstieg kein Problem. Inzwischen gibt es in Deutschland auch Solo-Turniere, bei denen man allein an Wettbewerben teilnehmen kann. Das er\u00f6ffnet weitere Chancen f\u00fcr alle, die sich auch ohne Partner*in t\u00e4nzerisch messen m\u00f6chten.<\/p>\n<p>&nbsp;<\/p>\n<h2>Trainingstermine<\/h2>\n<p>Es gibt sowohl Gruppenstunden mit Trainer*innen als auch die M\u00f6glichkeit zum freien Training. Wer noch nicht Mitglied ist, kann sich unter <strong>presse@tsgbayreuth.de<\/strong> melden, um Informationen zu Schnupperstunden und Trainingszeiten zu erhalten.<\/p>\n<p>&nbsp;<\/p>\n<h2>Schnupperstunden und Vereinsbeitritt<\/h2>\n<p>Interessierte sind herzlich eingeladen, Schnupperstunden zu besuchen, um einen ersten Eindruck zu gewinnen. Nach dem Schnuppern freuen wir uns, neue Mitglieder in unserer Tanzgemeinschaft begr\u00fc\u00dfen zu d\u00fcrfen.<\/p>\n<\/div>\n[\/vc_column_text][\/vc_column][\/vc_row]\n","protected":false},"excerpt":{"rendered":"<p>[vc_row curly_section_title=&#8220;Verein&#8220;][vc_column width=&#8220;1\/2&#8243;][vc_single_image image=&#8220;2734&#8243; img_size=&#8220;large&#8220; style=&#8220;img-frame-large&#8220;][\/vc_column][vc_column width=&#8220;1\/2&#8243;][vc_column_text] Seit \u00fcber 30 Jahren begeistert die TSG Bayreuth Tanzbegeisterte jeden Alters mit erfolgreichem Turniertanz \u2013 von den J\u00fcngsten bis zu erwachsenen Paaren und Profis. Unsere Trainer, Pablo und Michaela: Selbst seit seiner Jugend leidenschaftlicher Lateint\u00e4nzer, gibt unser Trainer Pablo diese Leidenschaft auch an unsere Paare jeden Alters weiter. Nach vielen gro\u00dfen Erfolgen im [&hellip;]<\/p>\n","protected":false},"author":2,"featured_media":0,"parent":0,"menu_order":0,"comment_status":"closed","ping_status":"closed","template":"","meta":[],"_links":{"self":[{"href":"https:\/\/www.tsgbayreuth.de\/index.php\/wp-json\/wp\/v2\/pages\/2699"}],"collection":[{"href":"https:\/\/www.tsgbayreuth.de\/index.php\/wp-json\/wp\/v2\/pages"}],"about":[{"href":"https:\/\/www.tsgbayreuth.de\/index.php\/wp-json\/wp\/v2\/types\/page"}],"author":[{"embeddable":true,"href":"https:\/\/www.tsgbayreuth.de\/index.php\/wp-json\/wp\/v2\/users\/2"}],"replies":[{"embeddable":true,"href":"https:\/\/www.tsgbayreuth.de\/index.php\/wp-json\/wp\/v2\/comments?post=2699"}],"version-history":[{"count":13,"href":"https:\/\/www.tsgbayreuth.de\/index.php\/wp-json\/wp\/v2\/pages\/2699\/revisions"}],"predecessor-version":[{"id":2847,"href":"https:\/\/www.tsgbayreuth.de\/index.php\/wp-json\/wp\/v2\/pages\/2699\/revisions\/2847"}],"wp:attachment":[{"href":"https:\/\/www.tsgbayreuth.de\/index.php\/wp-json\/wp\/v2\/media?parent=2699"}],"curies":[{"name":"wp","href":"https:\/\/api.w.org\/{rel}","templated":true}]}}