{"id":2290,"date":"2019-03-01T05:59:22","date_gmt":"2019-03-01T04:59:22","guid":{"rendered":"https:\/\/www.tsgbayreuth.de\/wordpress\/?page_id=2290"},"modified":"2022-05-31T09:22:51","modified_gmt":"2022-05-31T07:22:51","slug":"breitensport","status":"publish","type":"page","link":"https:\/\/www.tsgbayreuth.de\/index.php\/breitensport\/","title":{"rendered":"Breitensport"},"content":{"rendered":"[vc_row full_width=&#8220;stretch_row&#8220; gap=&#8220;30&#8243; content_placement=&#8220;middle&#8220; curly_bg_repeat=&#8220;bg-no-repeat&#8220; curly_bg_position=&#8220;bg-pos-center-top&#8220; css=&#8220;.vc_custom_1553748644353{margin-bottom: 30px !important;border-bottom-width: 1px !important;background-image: url(https:\/\/www.tsgbayreuth.de\/wp-content\/uploads\/2019\/03\/190301_tsg_background_breitensport_3-1.jpg?id=2303) !important;background-position: center !important;background-repeat: no-repeat !important;background-size: contain !important;border-bottom-color: #f4f4f4 !important;border-bottom-style: solid !important;}&#8220;][vc_column css_animation=&#8220;slideInUp&#8220; width=&#8220;1\/3&#8243; css=&#8220;.vc_custom_1554100968142{background-color: #ffffff !important;}&#8220;][vc_column_text]Neben dem Turniertanzen gibt es seit Gr\u00fcndung der TSG Bayreuth auch ein Breitensporttraining. Der Termin ist zur Zeit Freitag um 17:40 Uhr. Zu diesem Training treffen sich w\u00f6chenlich z.B. Paare, die nach Ihrem Goldstarkurs in der Tanzschule Jahn weiter tanzen m\u00f6chten, aber keine Turniere bestreiten wollen. Auch ehemalige Formationst\u00e4nzer und Paare, die neben Ihrem Turniertraining etwas \u201eAbwechslung\u201c brauchen nehmen daran teil. Bei der \u00dcbungsstunde am Freitag werden alle 10 T\u00e4nze abwechselnd unterrichtet und je nach Wunsch auch mal Salsa, Discofox, Tango Argentino gelehrt.<\/p>\n<p>Polka, Rock\u2019n\u2019Roll und andere \u201eExoten\u201c waren auch schon auf dem Programm. Man kann jederzeit einsteigen, sollte aber das Goldstarabzeichen besitzen oder schon Turnier ( Einzel oder Formation ) getanzt haben! Die Gruppe um den Trainer Andreas D\u00f6ring freut sich \u00fcber jeden motivierten Neuzugang. Meldet Euch doch bitte kurz bei unserem Trainer unter <a href=\"mailto:doeringbth@t-online.de\">doeringbth@t-online.de<\/a> bevor Ihr das erste Mal kommt um zu vermeiden, dass gerade an diesem Termin ausnahmsweise kein Training stattfindet. ;)[\/vc_column_text][\/vc_column][\/vc_row]\n","protected":false},"excerpt":{"rendered":"<p>[vc_row full_width=&#8220;stretch_row&#8220; gap=&#8220;30&#8243; content_placement=&#8220;middle&#8220; curly_bg_repeat=&#8220;bg-no-repeat&#8220; curly_bg_position=&#8220;bg-pos-center-top&#8220; css=&#8220;.vc_custom_1553748644353{margin-bottom: 30px !important;border-bottom-width: 1px !important;background-image: url(https:\/\/www.tsgbayreuth.de\/wp-content\/uploads\/2019\/03\/190301_tsg_background_breitensport_3-1.jpg?id=2303) !important;background-position: center !important;background-repeat: no-repeat !important;background-size: contain !important;border-bottom-color: #f4f4f4 !important;border-bottom-style: solid !important;}&#8220;][vc_column css_animation=&#8220;slideInUp&#8220; width=&#8220;1\/3&#8243; css=&#8220;.vc_custom_1554100968142{background-color: #ffffff !important;}&#8220;][vc_column_text]Neben dem Turniertanzen gibt es seit Gr\u00fcndung der TSG Bayreuth auch ein Breitensporttraining. Der Termin ist zur Zeit Freitag um 17:40 Uhr. Zu diesem Training treffen sich w\u00f6chenlich z.B. Paare, die nach Ihrem [&hellip;]<\/p>\n","protected":false},"author":2,"featured_media":0,"parent":0,"menu_order":0,"comment_status":"closed","ping_status":"closed","template":"","meta":[],"_links":{"self":[{"href":"https:\/\/www.tsgbayreuth.de\/index.php\/wp-json\/wp\/v2\/pages\/2290"}],"collection":[{"href":"https:\/\/www.tsgbayreuth.de\/index.php\/wp-json\/wp\/v2\/pages"}],"about":[{"href":"https:\/\/www.tsgbayreuth.de\/index.php\/wp-json\/wp\/v2\/types\/page"}],"author":[{"embeddable":true,"href":"https:\/\/www.tsgbayreuth.de\/index.php\/wp-json\/wp\/v2\/users\/2"}],"replies":[{"embeddable":true,"href":"https:\/\/www.tsgbayreuth.de\/index.php\/wp-json\/wp\/v2\/comments?post=2290"}],"version-history":[{"count":15,"href":"https:\/\/www.tsgbayreuth.de\/index.php\/wp-json\/wp\/v2\/pages\/2290\/revisions"}],"predecessor-version":[{"id":2582,"href":"https:\/\/www.tsgbayreuth.de\/index.php\/wp-json\/wp\/v2\/pages\/2290\/revisions\/2582"}],"wp:attachment":[{"href":"https:\/\/www.tsgbayreuth.de\/index.php\/wp-json\/wp\/v2\/media?parent=2290"}],"curies":[{"name":"wp","href":"https:\/\/api.w.org\/{rel}","templated":true}]}}