{"id":2280,"date":"2019-03-01T05:36:14","date_gmt":"2019-03-01T04:36:14","guid":{"rendered":"https:\/\/www.tsgbayreuth.de\/wordpress\/?page_id=2280"},"modified":"2019-04-30T05:55:45","modified_gmt":"2019-04-30T03:55:45","slug":"impressum","status":"publish","type":"page","link":"https:\/\/www.tsgbayreuth.de\/index.php\/impressum\/","title":{"rendered":"Impressum"},"content":{"rendered":"[vc_row][vc_column][vc_column_text]\n<h2>Impressum<\/h2>\n[\/vc_column_text][vc_column_text]\n<div class=\"wrapper row-fluid container\">\n<h4><strong>Die Website www.tsgbayreuth.de wird betrieben durch:<\/strong><\/h4>\n<p>Tanzsportgemeinschaft Bayreuth e.V.<br \/>\nMarkgrafenallee 3b<br \/>\n95448 Bayreuth<\/p>\n<p>Telefon: 0921 \/ 6 62 60<br \/>\nE-Mail: <a href=\"mailto:info@tsgbayreuth.de\">info@tsgbayreuth.de<\/a><\/p>\n<p>Eingetragen beim Amtsgericht Bayreuth Reg-Nr. 803<\/p>\n<h4><strong>Verantwortlicher f\u00fcr den Inhalt der Seite:<\/strong><\/h4>\n<p><a href=\"mailto:tanzschule.jahn@gmx.de\">Helmut Jahn<\/a><\/p>\n<h4>Verantwortliche f\u00fcr die Gestaltung und Programmierung:<\/h4>\n<p><a href=\"mailto:presse@tsgbayreuth.de\">Irina Lauterbach<\/a><\/p>\n<h4>Technische Umsetzung und <strong>Webmaster:<\/strong><\/h4>\n<p>Bei technischen Fragen wenden Sie sich bitte an:<\/p>\n<p><a href=\"mailto:thomas.huttinger@tsgbayreuth.de\">Thomas Huttinger<\/a><\/p>\n<h4><strong>Haftungsausschluss<\/strong><\/h4>\n<p>Angaben auf allen Seiten der Domain www.tsgbayreuth.de ohne Gew\u00e4hr. Irrtum vorbehalten.<br \/>\nAlle Seiten der Domain www.tsgbayreuth.de sind urheberrechtlich gesch\u00fctzt. Jede Vervielf\u00e4ltigung von Inhalt, Bildern, Fotos, Graphiken ist nur mit ausdr\u00fccklicher Genehmigung der TSG Bayreuth e.V. erlaubt.<\/p>\n<p>Auf den Seiten der TSG Bayreuth e.V. ausgewiesene Marken bzw. Logos geh\u00f6ren ihren jeweiligen Eigent\u00fcmern.<\/p>\n<p>Haftungsausschluss:<br \/>\nDie TSG Bayreuth e.V. \u00fcbernimmt keine Garantie oder Haftung, insbesondere nicht f\u00fcr direkte oder indirekte Sch\u00e4den, die durch die Nutzung der Informationen oder Daten, die auf den Websites der TSG Bayreuth e.V. zu finden sind, entstehen. Die TSG Bayreuth e.V. \u00fcbernimmt keine Verantwortung f\u00fcr Inhalte oder die Funktionsf\u00e4higkeit, Fehlerfreiheit oder Rechtm\u00e4\u00dfigkeit von Webseiten Dritter, auf die mittels Link von den Websites der TSG Bayreuth verwiesen wird.<\/p>\n<\/div>\n[\/vc_column_text][\/vc_column][\/vc_row][vc_row][vc_column][\/vc_column][\/vc_row]\n","protected":false},"excerpt":{"rendered":"<p>[vc_row][vc_column][vc_column_text] Impressum [\/vc_column_text][vc_column_text] Die Website www.tsgbayreuth.de wird betrieben durch: Tanzsportgemeinschaft Bayreuth e.V. Markgrafenallee 3b 95448 Bayreuth Telefon: 0921 \/ 6 62 60 E-Mail: info@tsgbayreuth.de Eingetragen beim Amtsgericht Bayreuth Reg-Nr. 803 Verantwortlicher f\u00fcr den Inhalt der Seite: Helmut Jahn Verantwortliche f\u00fcr die Gestaltung und Programmierung: Irina Lauterbach Technische Umsetzung und Webmaster: Bei technischen Fragen wenden Sie sich bitte an: Thomas Huttinger [&hellip;]<\/p>\n","protected":false},"author":2,"featured_media":0,"parent":0,"menu_order":0,"comment_status":"closed","ping_status":"closed","template":"","meta":[],"_links":{"self":[{"href":"https:\/\/www.tsgbayreuth.de\/index.php\/wp-json\/wp\/v2\/pages\/2280"}],"collection":[{"href":"https:\/\/www.tsgbayreuth.de\/index.php\/wp-json\/wp\/v2\/pages"}],"about":[{"href":"https:\/\/www.tsgbayreuth.de\/index.php\/wp-json\/wp\/v2\/types\/page"}],"author":[{"embeddable":true,"href":"https:\/\/www.tsgbayreuth.de\/index.php\/wp-json\/wp\/v2\/users\/2"}],"replies":[{"embeddable":true,"href":"https:\/\/www.tsgbayreuth.de\/index.php\/wp-json\/wp\/v2\/comments?post=2280"}],"version-history":[{"count":5,"href":"https:\/\/www.tsgbayreuth.de\/index.php\/wp-json\/wp\/v2\/pages\/2280\/revisions"}],"predecessor-version":[{"id":2481,"href":"https:\/\/www.tsgbayreuth.de\/index.php\/wp-json\/wp\/v2\/pages\/2280\/revisions\/2481"}],"wp:attachment":[{"href":"https:\/\/www.tsgbayreuth.de\/index.php\/wp-json\/wp\/v2\/media?parent=2280"}],"curies":[{"name":"wp","href":"https:\/\/api.w.org\/{rel}","templated":true}]}}